{"id":7311,"date":"2017-11-28T21:11:23","date_gmt":"2017-11-28T20:11:23","guid":{"rendered":"https:\/\/www.marlonlosurdopictures.com\/?page_id=7311"},"modified":"2017-12-04T11:56:33","modified_gmt":"2017-12-04T10:56:33","slug":"cookie-policy","status":"publish","type":"page","link":"https:\/\/www.marlonlosurdopictures.com\/it\/cookie-policy\/","title":{"rendered":"Cookie Policy"},"content":{"rendered":"<h3><em>Informativa estesa sui cookie<\/em><\/h3>\n<p>Il sito web <strong>marlonlosurdopictures.com<\/strong> utilizza cookie e\/o tecnologie analoghe per garantire il corretto funzionamento delle procedure e una migliore esperienza nell\u2019uso delle applicazioni online. In questa pagina forniamo le informazioni dettagliate sull\u2019uso dei cookie e delle tecnologie assimilabili, su come sono utilizzati da <strong>marlonlosurdopictures.com<\/strong> e su come gestirli, in adeguamento alla recente normativa italiana ed europea relativa agli obblighi di informazione e tutela degli utenti dei siti web.<\/p>\n<h3><em> Definizioni<\/em><\/h3>\n<p>I cookie sono brevi stringhe di testo (lettere e\/o numeri) che permettono al web server di memorizzare sul client (il browser) informazioni da riutilizzare nel corso della medesima visita al sito (cookie di sessione) o in seguito, anche a distanza di giorni (cookie persistenti). I cookie vengono memorizzati, in base alle preferenze dell\u2019utente, dal singolo browser sullo specifico dispositivo utilizzato (computer, tablet, smartphone).<\/p>\n<p>Tecnologie similari, come, ad esempio, web beacon, GIF trasparenti e tutte le forme di storage locale introdotte con HTML5, sono utilizzabili per raccogliere informazioni sul comportamento dell\u2019utente e sull\u2019utilizzo dei servizi.<\/p>\n<p>Nel seguito di questo documento faremo riferimento ai cookie e a tutte le tecnologie similari utilizzando semplicemente il termine \u201ccookie\u201d.<\/p>\n<h3><em>Tipologie di cookie utilizzati<\/em><\/h3>\n<p>L\u2019utilizzo di cookie da parte di <strong>Marlon Losurdo Pictures<\/strong>, con sede legale in <strong>Amalfi, via Tobulum n. 29 ad Amalfi (SA)<\/strong>, titolare di questo sito, si inquadra nella Privacy Policy dello stesso; tutte le informazioni richieste dall\u2019art. 13 del Codice della Privacy sono indicate nella presente informativa estesa e nella Privacy Policy consultabile cliccando qui.<\/p>\n<h4><em>Cookie tecnici<\/em><\/h4>\n<p>Il presente sito utilizza i seguenti cookie tecnici:<\/p>\n<p><strong>Cookie di navigazione o di sessione<\/strong>: si tratta di cookie necessari per garantire la normale navigazione del sito, ivi inclusi \u2013 ad esempio \u2013 i cookie di autenticazione, e si tratta per la maggior parte di cookie di sessione.<br \/>\n<strong>Cookie di funzionalit\u00e0<\/strong>: sono i cookie che ci permettono di memorizzare le tue preferenze (ad esempio in relazione alla lingua, alla valuta, ai prodotti e servizi acquistati online) e di garantirti, in tal modo, la navigazione in funzione dei criteri da te selezionati e una sempre migliore fruizione dei servizi resi. Nella maggior parte dei casi si tratta di cookie che hanno una durata massima di 30 giorni.<br \/>\n<strong>Cookie analitici<\/strong>: sono cookie utilizzati da questo sito per raccogliere informazioni, in forma aggregata, sul numero degli utenti e su come questi visitano il sito stesso, a scopi meramente statistici.<\/p>\n<p>Tutti i cookie tecnici non richiedono per il loro utilizzo il tuo preventivo consenso, perci\u00f2 vengono installati automaticamente a seguito dell\u2019accesso al sito e non vengono utilizzati per scopi ulteriori.<br \/>\nCookie di terze parti<\/p>\n<p>Visitando il nostro sito web potreste ricevere cookie da siti e servizi gestiti da altre organizzazioni, definite \u201cterze parti\u201d.<\/p>\n<p>Di seguito vengono elencati i cookies utilizzati dal sito.<\/p>\n<h3><em> Google Analytics<\/em><\/h3>\n<p>Nel sito sono inclusi anche componenti trasmesse da Google Analytics, un servizio di analisi del traffico web fornito da Google, Inc. (\u201cGoogle\u201d). Anche in questo caso si tratta di cookie di terze parti raccolti e gestiti in modo anonimo per monitorare e migliorare le prestazioni del sito ospite (performance cookie).<\/p>\n<p>In questo Sito il cookie di Google Analytics \u00e8 stato anonimizzato per poterlo equiparare ai cookie tecnici. Con l\u2019uso di cookie di Google Analytics con IP anonimizzato le informazioni vengono raccolte da Google Analytics in forma aggregata.<\/p>\n<p>Per ulteriori informazioni, si rinvia al link di seguito indicato:<\/p>\n<p><a href=\"https:\/\/www.google.it\/policies\/privacy\/partners\/\">https:\/\/www.google.it\/policies\/privacy\/partners\/<\/a><\/p>\n<p>L\u2019utente pu\u00f2 disabilitare in modo selettivo l\u2019azione di Google Analytics installando sul proprio browser la componente di opt-out fornito da Google. Per disabilitare l\u2019azione di Google Analytics, si rinvia al link di seguito indicato:<\/p>\n<p><a href=\"https:\/\/tools.google.com\/dlpage\/gaoptout\">https:\/\/tools.google.com\/dlpage\/gaoptout<\/a><\/p>\n<h3>Widget Social Network<\/h3>\n<p>Questi servizi permettono di effettuare interazioni con i social network, o con altre piattaforme esterne, direttamente dalle pagine di questo Sito.<br \/>\nLe interazioni e le informazioni acquisite da questo Sito sono in ogni caso soggette alle impostazioni privacy dell\u2019Utente relative ad ogni social network.<br \/>\nNel caso in cui sia installato un servizio di interazione con i social network, \u00e8 possibile che, anche nel caso gli Utenti non utilizzino il servizio, lo stesso raccolga dati di traffico relativi alle pagine in cui \u00e8 installato.<\/p>\n<p>Per offrire agli utenti la possibilit\u00e0 di condividere gli articoli e i contenuti presenti, sul sito \u00e8 attivo il servizio addthis.com che permette di dialogare con i social button dei singoli social network.<\/p>\n<p>I widget dei social network sono quei particolari \u201cpulsanti\u201d o \u201cblocchi\u201d presenti sul sito che raffigurano le icone di social network (esempio, Facebook e Twitter) e consentono agli utenti che stanno navigando di interagire con un \u201cclick\u201d direttamente con le piattaforme social. Si riportano i link ove l\u2019utente pu\u00f2 prendere visione dell\u2019informativa privacy relativa alla gestione dei dati da parte dei social cui i pulsanti e le widget rinviano. Nessuna informazione viene condivisa dal sito in cui il widget \u00e8 incorporato.<\/p>\n<p>Per maggiori informazioni, anche sulla disattivazione di tali cookie, si consiglia di consultare i seguenti link:<\/p>\n<p><strong>Twitter<\/strong>: <a href=\"http:\/\/twitter.com\/privacy\">http:\/\/twitter.com\/privacy<\/a><br \/>\n<strong>Facebook<\/strong>: <a href=\"https:\/\/www.facebook.com\/help\/cookies\">https:\/\/www.facebook.com\/help\/cookies<\/a><br \/>\n<strong>LinkedIn<\/strong>: <a href=\"https:\/\/www.linkedin.com\/legal\/cookie_policy\">https:\/\/www.linkedin.com\/legal\/cookie_policy<\/a><br \/>\n<strong>Google Plus<\/strong>: <a href=\"http:\/\/www.google.it\/intl\/it\/policies\/technologies\/cookies\/\">http:\/\/www.google.it\/intl\/it\/policies\/technologies\/cookies\/<\/a><br \/>\n<strong>AddThis<\/strong>: <a href=\"http:\/\/www.addthis.com\/privacy\/privacy-policy\">http:\/\/www.addthis.com\/privacy\/privacy-policy<\/a><br \/>\n<strong>Pinterest<\/strong>: <a href=\"https:\/\/about.pinterest.com\/it\/privacy-policy\">https:\/\/about.pinterest.com\/it\/privacy-policy<\/a><\/p>\n<h4>Youtube<\/h4>\n<p>Nel sito possono essere incorporati video presenti su YouTube. Questi video, quando visionati, impostano cookies di terze parti sul computer o sul dispositivo mobile, appartenenti al dominio di<br \/>\nYouTube, per poter migliorare le funzionalit\u00e0 di riproduzione video e raccogliere informazioni in formato anonimo sui video visionati dall\u2019utente.<br \/>\nLa finalit\u00e0 di questi cookies \u00e8 descritta nell\u2019informativa per la privacy di Google:<\/p>\n<p><a href=\"https:\/\/www.google.it\/intl\/it\/policies\/privacy\/\">www.google.it\/intl\/it\/policies\/privacy<\/a><\/p>\n<h4>Google Maps<\/h4>\n<p>Google Maps fornisce mappe interattive personalizzabili all\u2019interno delle proprie pagine web. Il sito pu\u00f2 usare Google Maps per fornire informazioni dettagliate sulla localizzazione di uno specifico esercizio commerciale, o anche per contrastare attacchi con malware. Utilizziamo Google Maps perch\u00e8 crediamo che contribuisca alla tua esperienza nell\u2019uso del sito.<\/p>\n<p>La finalit\u00e0 di questi cookies \u00e8 descritta nell\u2019informativa per la privacy di Google:<\/p>\n<p><a href=\"http:\/\/www.google.it\/intl\/it\/policies\/privacy\">www.google.it\/intl\/it\/policies\/privacy<\/a><\/p>\n<h3>Durata dei cookie<\/h3>\n<p>Alcuni cookie (cookie di sessione) restano attivi solo fino alla chiusura del browser o all\u2019esecuzione del comando di logout. Altri cookie \u201csopravvivono\u201d alla chiusura del browser e sono disponibili anche in successive visite dell\u2019utente.<br \/>\nQuesti cookie sono detti persistenti e la loro durata \u00e8 fissata dal server al momento della loro creazione. In alcuni casi \u00e8 fissata una scadenza, in altri casi la durata \u00e8 illimitata.<br \/>\nTuttavia, navigando sulle pagine del presente sito web, si pu\u00f2 interagire con siti gestiti da terze parti che possono creare o modificare cookie permanenti e di profilazione.<\/p>\n<h3>Gestione dei cookie<\/h3>\n<p>L\u2019utente pu\u00f2 decidere se accettare o meno i cookie utilizzando le impostazioni del proprio browser.<br \/>\nAttenzione: la disabilitazione totale o parziale dei cookie tecnici pu\u00f2 compromettere l\u2019utilizzo delle funzionalit\u00e0 del sito riservate agli utenti registrati. Al contrario, la fruibilit\u00e0 dei contenuti pubblici \u00e8 possibile anche disabilitando completamente i cookie.<br \/>\nLa disabilitazione dei cookie \u201cterze parti\u201d non pregiudica in alcun modo la navigabilit\u00e0.<\/p>\n<p>L\u2019impostazione pu\u00f2 essere definita in modo specifico per i diversi siti e applicazioni web. Inoltre i migliori browser consentono di definire impostazioni diverse per i cookie \u201cproprietari\u201d e per quelli di \u201cterze parti\u201d.<\/p>\n<p>A titolo di esempio, in Firefox, attraverso il menu Strumenti-&gt;Opzioni -&gt;Privacy, \u00e8 possibile accedere ad un pannello di controllo dove \u00e8 possibile definire se accettare o meno i diversi tipi di cookie e procedere alla loro rimozione.<\/p>\n<p><strong>Chrome<\/strong>: <a href=\"https:\/\/support.google.com\/chrome\/answer\/95647?hl=it\">https:\/\/support.google.com\/chrome\/answer\/95647?hl=it<\/a><\/p>\n<p><strong>Firefox<\/strong>: <a href=\"https:\/\/support.mozilla.org\/it\/kb\/Gestione%20dei%20cookie\">https:\/\/support.mozilla.org\/it\/kb\/Gestione%20dei%20cookie<\/a><\/p>\n<p><strong>Internet Explorer<\/strong>: http:\/\/windows.microsoft.com\/it-it\/windows7\/how-to-manage-cookies-in-internet-explorer-9<\/p>\n<p><strong>Opera<\/strong>: <a href=\"http:\/\/help.opera.com\/Windows\/10.00\/it\/cookies.html\">http:\/\/help.opera.com\/Windows\/10.00\/it\/cookies.html<\/a><\/p>\n<p><strong>Safari<\/strong>: <a href=\"http:\/\/support.apple.com\/kb\/HT1677?viewlocale=it_IT\">http:\/\/support.apple.com\/kb\/HT1677?viewlocale=it_IT<\/a><\/p>\n<h3>Aggiornamento dell\u2019informativa<\/h3>\n<p>Il sito <strong>marlonlosurdopictures.com<\/strong> manterr\u00e0 la presente informativa costantemente aggiornata, indicandovi la data di pubblicazione dell\u2019ultima versione di essa.<\/p>\n<p><strong>Ultimo aggiornamento: 31 Maggio 2015<\/strong><\/p>\n<p>Questa pagina \u00e8 visibile, mediante link in calce in tutte le pagine del Sito ai sensi dell\u2019art. 122 secondo comma del D.lgs. 196\/2003 e a seguito delle modalit\u00e0 semplificate per l\u2019informativa e l\u2019acquisizione del consenso per l\u2019uso dei cookie pubblicata sulla Gazzetta Ufficiale n.126 del 3 giugno 2014 e relativo registro dei provvedimenti n.229 dell\u20198 maggio 2014.<\/p>\n","protected":false},"excerpt":{"rendered":"","protected":false},"author":2,"featured_media":0,"parent":0,"menu_order":0,"comment_status":"closed","ping_status":"closed","template":"","meta":{"_monsterinsights_skip_tracking":false,"_monsterinsights_sitenote_active":false,"_monsterinsights_sitenote_note":"","_monsterinsights_sitenote_category":0,"footnotes":""},"class_list":["post-7311","page","type-page","status-publish","hentry"],"yoast_head":"<!-- This site is optimized with the Yoast SEO plugin v27.3 - https:\/\/yoast.com\/product\/yoast-seo-wordpress\/ -->\n<title>Cookie Policy | Marlon Losurdo | Wedding Amalfi Coast Photographer<\/title>\n<meta name=\"robots\" content=\"index, follow, max-snippet:-1, max-image-preview:large, max-video-preview:-1\" \/>\n<link rel=\"canonical\" href=\"https:\/\/www.marlonlosurdopictures.com\/it\/cookie-policy\/\" \/>\n<meta property=\"og:locale\" content=\"it_IT\" \/>\n<meta property=\"og:type\" content=\"article\" \/>\n<meta property=\"og:title\" content=\"Cookie Policy | Marlon Losurdo | Wedding Amalfi Coast Photographer\" \/>\n<meta property=\"og:url\" content=\"https:\/\/www.marlonlosurdopictures.com\/it\/cookie-policy\/\" \/>\n<meta property=\"og:site_name\" content=\"Marlon Losurdo | Wedding Amalfi Coast Photographer\" \/>\n<meta property=\"article:publisher\" content=\"https:\/\/www.facebook.com\/amalfiweddingphotographer\/\" \/>\n<meta property=\"article:modified_time\" content=\"2017-12-04T10:56:33+00:00\" \/>\n<meta name=\"twitter:card\" content=\"summary_large_image\" \/>\n<meta name=\"twitter:label1\" content=\"Tempo di lettura stimato\" \/>\n\t<meta name=\"twitter:data1\" content=\"7 minuti\" \/>\n<script type=\"application\/ld+json\" class=\"yoast-schema-graph\">{\"@context\":\"https:\\\/\\\/schema.org\",\"@graph\":[{\"@type\":\"WebPage\",\"@id\":\"https:\\\/\\\/www.marlonlosurdopictures.com\\\/it\\\/cookie-policy\\\/\",\"url\":\"https:\\\/\\\/www.marlonlosurdopictures.com\\\/it\\\/cookie-policy\\\/\",\"name\":\"Cookie Policy | Marlon Losurdo | Wedding Amalfi Coast Photographer\",\"isPartOf\":{\"@id\":\"https:\\\/\\\/www.marlonlosurdopictures.com\\\/#website\"},\"datePublished\":\"2017-11-28T20:11:23+00:00\",\"dateModified\":\"2017-12-04T10:56:33+00:00\",\"breadcrumb\":{\"@id\":\"https:\\\/\\\/www.marlonlosurdopictures.com\\\/it\\\/cookie-policy\\\/#breadcrumb\"},\"inLanguage\":\"it-IT\",\"potentialAction\":[{\"@type\":\"ReadAction\",\"target\":[\"https:\\\/\\\/www.marlonlosurdopictures.com\\\/it\\\/cookie-policy\\\/\"]}]},{\"@type\":\"BreadcrumbList\",\"@id\":\"https:\\\/\\\/www.marlonlosurdopictures.com\\\/it\\\/cookie-policy\\\/#breadcrumb\",\"itemListElement\":[{\"@type\":\"ListItem\",\"position\":1,\"name\":\"Home\",\"item\":\"https:\\\/\\\/www.marlonlosurdopictures.com\\\/it\\\/\"},{\"@type\":\"ListItem\",\"position\":2,\"name\":\"Cookie Policy\"}]},{\"@type\":\"WebSite\",\"@id\":\"https:\\\/\\\/www.marlonlosurdopictures.com\\\/#website\",\"url\":\"https:\\\/\\\/www.marlonlosurdopictures.com\\\/\",\"name\":\"Marlon Losurdo | Wedding Amalfi Coast Photographer\",\"description\":\"wedding ceremonies photographer amalfi coast italy\",\"publisher\":{\"@id\":\"https:\\\/\\\/www.marlonlosurdopictures.com\\\/#organization\"},\"potentialAction\":[{\"@type\":\"SearchAction\",\"target\":{\"@type\":\"EntryPoint\",\"urlTemplate\":\"https:\\\/\\\/www.marlonlosurdopictures.com\\\/?s={search_term_string}\"},\"query-input\":{\"@type\":\"PropertyValueSpecification\",\"valueRequired\":true,\"valueName\":\"search_term_string\"}}],\"inLanguage\":\"it-IT\"},{\"@type\":\"Organization\",\"@id\":\"https:\\\/\\\/www.marlonlosurdopictures.com\\\/#organization\",\"name\":\"Marlon Losurdo Pictures\",\"url\":\"https:\\\/\\\/www.marlonlosurdopictures.com\\\/\",\"logo\":{\"@type\":\"ImageObject\",\"inLanguage\":\"it-IT\",\"@id\":\"https:\\\/\\\/www.marlonlosurdopictures.com\\\/#\\\/schema\\\/logo\\\/image\\\/\",\"url\":\"https:\\\/\\\/www.marlonlosurdopictures.com\\\/wp-content\\\/uploads\\\/2017\\\/11\\\/logo-PICTURES_black-nero-orizzontale-nero.png\",\"contentUrl\":\"https:\\\/\\\/www.marlonlosurdopictures.com\\\/wp-content\\\/uploads\\\/2017\\\/11\\\/logo-PICTURES_black-nero-orizzontale-nero.png\",\"width\":300,\"height\":93,\"caption\":\"Marlon Losurdo Pictures\"},\"image\":{\"@id\":\"https:\\\/\\\/www.marlonlosurdopictures.com\\\/#\\\/schema\\\/logo\\\/image\\\/\"},\"sameAs\":[\"https:\\\/\\\/www.facebook.com\\\/amalfiweddingphotographer\\\/\",\"https:\\\/\\\/www.instagram.com\\\/marloncommunications\\\/?hl=bg\",\"https:\\\/\\\/www.pinterest.it\\\/marlon_losurdo\\\/engagement-positano-photographer-amalfi-coast\\\/\"]}]}<\/script>\n<!-- \/ Yoast SEO plugin. -->","yoast_head_json":{"title":"Cookie Policy | Marlon Losurdo | Wedding Amalfi Coast Photographer","robots":{"index":"index","follow":"follow","max-snippet":"max-snippet:-1","max-image-preview":"max-image-preview:large","max-video-preview":"max-video-preview:-1"},"canonical":"https:\/\/www.marlonlosurdopictures.com\/it\/cookie-policy\/","og_locale":"it_IT","og_type":"article","og_title":"Cookie Policy | Marlon Losurdo | Wedding Amalfi Coast Photographer","og_url":"https:\/\/www.marlonlosurdopictures.com\/it\/cookie-policy\/","og_site_name":"Marlon Losurdo | Wedding Amalfi Coast Photographer","article_publisher":"https:\/\/www.facebook.com\/amalfiweddingphotographer\/","article_modified_time":"2017-12-04T10:56:33+00:00","twitter_card":"summary_large_image","twitter_misc":{"Tempo di lettura stimato":"7 minuti"},"schema":{"@context":"https:\/\/schema.org","@graph":[{"@type":"WebPage","@id":"https:\/\/www.marlonlosurdopictures.com\/it\/cookie-policy\/","url":"https:\/\/www.marlonlosurdopictures.com\/it\/cookie-policy\/","name":"Cookie Policy | Marlon Losurdo | Wedding Amalfi Coast Photographer","isPartOf":{"@id":"https:\/\/www.marlonlosurdopictures.com\/#website"},"datePublished":"2017-11-28T20:11:23+00:00","dateModified":"2017-12-04T10:56:33+00:00","breadcrumb":{"@id":"https:\/\/www.marlonlosurdopictures.com\/it\/cookie-policy\/#breadcrumb"},"inLanguage":"it-IT","potentialAction":[{"@type":"ReadAction","target":["https:\/\/www.marlonlosurdopictures.com\/it\/cookie-policy\/"]}]},{"@type":"BreadcrumbList","@id":"https:\/\/www.marlonlosurdopictures.com\/it\/cookie-policy\/#breadcrumb","itemListElement":[{"@type":"ListItem","position":1,"name":"Home","item":"https:\/\/www.marlonlosurdopictures.com\/it\/"},{"@type":"ListItem","position":2,"name":"Cookie Policy"}]},{"@type":"WebSite","@id":"https:\/\/www.marlonlosurdopictures.com\/#website","url":"https:\/\/www.marlonlosurdopictures.com\/","name":"Marlon Losurdo | Wedding Amalfi Coast Photographer","description":"wedding ceremonies photographer amalfi coast italy","publisher":{"@id":"https:\/\/www.marlonlosurdopictures.com\/#organization"},"potentialAction":[{"@type":"SearchAction","target":{"@type":"EntryPoint","urlTemplate":"https:\/\/www.marlonlosurdopictures.com\/?s={search_term_string}"},"query-input":{"@type":"PropertyValueSpecification","valueRequired":true,"valueName":"search_term_string"}}],"inLanguage":"it-IT"},{"@type":"Organization","@id":"https:\/\/www.marlonlosurdopictures.com\/#organization","name":"Marlon Losurdo Pictures","url":"https:\/\/www.marlonlosurdopictures.com\/","logo":{"@type":"ImageObject","inLanguage":"it-IT","@id":"https:\/\/www.marlonlosurdopictures.com\/#\/schema\/logo\/image\/","url":"https:\/\/www.marlonlosurdopictures.com\/wp-content\/uploads\/2017\/11\/logo-PICTURES_black-nero-orizzontale-nero.png","contentUrl":"https:\/\/www.marlonlosurdopictures.com\/wp-content\/uploads\/2017\/11\/logo-PICTURES_black-nero-orizzontale-nero.png","width":300,"height":93,"caption":"Marlon Losurdo Pictures"},"image":{"@id":"https:\/\/www.marlonlosurdopictures.com\/#\/schema\/logo\/image\/"},"sameAs":["https:\/\/www.facebook.com\/amalfiweddingphotographer\/","https:\/\/www.instagram.com\/marloncommunications\/?hl=bg","https:\/\/www.pinterest.it\/marlon_losurdo\/engagement-positano-photographer-amalfi-coast\/"]}]}},"_links":{"self":[{"href":"https:\/\/www.marlonlosurdopictures.com\/it\/wp-json\/wp\/v2\/pages\/7311","targetHints":{"allow":["GET"]}}],"collection":[{"href":"https:\/\/www.marlonlosurdopictures.com\/it\/wp-json\/wp\/v2\/pages"}],"about":[{"href":"https:\/\/www.marlonlosurdopictures.com\/it\/wp-json\/wp\/v2\/types\/page"}],"author":[{"embeddable":true,"href":"https:\/\/www.marlonlosurdopictures.com\/it\/wp-json\/wp\/v2\/users\/2"}],"replies":[{"embeddable":true,"href":"https:\/\/www.marlonlosurdopictures.com\/it\/wp-json\/wp\/v2\/comments?post=7311"}],"version-history":[{"count":0,"href":"https:\/\/www.marlonlosurdopictures.com\/it\/wp-json\/wp\/v2\/pages\/7311\/revisions"}],"wp:attachment":[{"href":"https:\/\/www.marlonlosurdopictures.com\/it\/wp-json\/wp\/v2\/media?parent=7311"}],"curies":[{"name":"wp","href":"https:\/\/api.w.org\/{rel}","templated":true}]}}